{"id":1035,"date":"2019-05-20T09:47:19","date_gmt":"2019-05-20T07:47:19","guid":{"rendered":"https:\/\/birrificioarticioc.it\/qui-sommes-nous\/"},"modified":"2023-06-21T18:42:55","modified_gmt":"2023-06-21T16:42:55","slug":"qui-sommes-nous","status":"publish","type":"page","link":"https:\/\/birrificioarticioc.it\/fr\/qui-sommes-nous\/","title":{"rendered":"Qui sommes-nous"},"content":{"rendered":"<p>[et_pb_section fb_built=\u00a0\u00bb1&Prime; fullwidth=\u00a0\u00bbon\u00a0\u00bb admin_label=\u00a0\u00bbHeader Section\u00a0\u00bb _builder_version=\u00a0\u00bb4.16&Prime; background_color=\u00a0\u00bb#000000&Prime; custom_padding=\u00a0\u00bb|||\u00a0\u00bb locked=\u00a0\u00bboff\u00a0\u00bb global_colors_info=\u00a0\u00bb{}\u00a0\u00bb][et_pb_fullwidth_header title=\u00a0\u00bbQui sommes-nous\u00a0\u00bb text_orientation=\u00a0\u00bbcenter\u00a0\u00bb background_overlay_color=\u00a0\u00bbrgba(0,0,0,0.4)\u00a0\u00bb content_max_width_last_edited=\u00a0\u00bboff|desktop\u00a0\u00bb admin_label=\u00a0\u00bbChi siamo\u00a0\u00bb _builder_version=\u00a0\u00bb4.16&Prime; title_font=\u00a0\u00bbOswald|||on|\u00a0\u00bb title_text_align=\u00a0\u00bbcenter\u00a0\u00bb title_font_size=\u00a0\u00bb80px\u00a0\u00bb title_letter_spacing=\u00a0\u00bb0.05em\u00a0\u00bb title_line_height=\u00a0\u00bb1.5em\u00a0\u00bb subhead_font=\u00a0\u00bbNunito|600|||||||\u00a0\u00bb subhead_font_size=\u00a0\u00bb20px\u00a0\u00bb subhead_line_height=\u00a0\u00bb1.9em\u00a0\u00bb background_color=\u00a0\u00bbrgba(10,10,10,0.49)\u00a0\u00bb background_image=\u00a0\u00bbhttps:\/\/birrificioarticioc.it\/wp-content\/uploads\/2019\/05\/Schermata-2019-05-20-alle-11.46.09.png\u00a0\u00bb parallax=\u00a0\u00bbon\u00a0\u00bb parallax_method=\u00a0\u00bbon\u00a0\u00bb custom_button_one=\u00a0\u00bbon\u00a0\u00bb button_one_text_size=\u00a0\u00bb15px\u00a0\u00bb button_one_bg_color=\u00a0\u00bb#dca57d\u00a0\u00bb button_one_border_width=\u00a0\u00bb10px\u00a0\u00bb button_one_border_color=\u00a0\u00bb#dca57d\u00a0\u00bb button_one_border_radius=\u00a0\u00bb0px\u00a0\u00bb button_one_letter_spacing=\u00a0\u00bb3px\u00a0\u00bb button_one_font=\u00a0\u00bbOswald|||on|\u00a0\u00bb button_one_use_icon=\u00a0\u00bboff\u00a0\u00bb custom_margin=\u00a0\u00bb|||\u00a0\u00bb custom_padding=\u00a0\u00bb5%||5%|\u00a0\u00bb animation_style=\u00a0\u00bbfade\u00a0\u00bb animation_starting_opacity=\u00a0\u00bb50%\u00a0\u00bb animation_speed_curve=\u00a0\u00bbease-in\u00a0\u00bb title_font_size_tablet=\u00a0\u00bb60px\u00a0\u00bb title_font_size_phone=\u00a0\u00bb40px\u00a0\u00bb title_font_size_last_edited=\u00a0\u00bbon|phone\u00a0\u00bb button_one_border_color_hover=\u00a0\u00bb#c99872&Prime; button_one_border_radius_hover=\u00a0\u00bb0px\u00a0\u00bb button_one_letter_spacing_hover=\u00a0\u00bb3px\u00a0\u00bb button_one_bg_color_hover=\u00a0\u00bb#c99872&Prime; global_colors_info=\u00a0\u00bb{}\u00a0\u00bb button_one_text_size__hover_enabled=\u00a0\u00bboff\u00a0\u00bb button_two_text_size__hover_enabled=\u00a0\u00bboff\u00a0\u00bb button_one_text_color__hover_enabled=\u00a0\u00bboff\u00a0\u00bb button_two_text_color__hover_enabled=\u00a0\u00bboff\u00a0\u00bb button_one_border_width__hover_enabled=\u00a0\u00bboff\u00a0\u00bb button_two_border_width__hover_enabled=\u00a0\u00bboff\u00a0\u00bb button_one_border_color__hover_enabled=\u00a0\u00bbon\u00a0\u00bb button_one_border_color__hover=\u00a0\u00bb#c99872&Prime; button_two_border_color__hover_enabled=\u00a0\u00bboff\u00a0\u00bb button_one_border_radius__hover_enabled=\u00a0\u00bbon\u00a0\u00bb button_one_border_radius__hover=\u00a0\u00bb0px\u00a0\u00bb button_two_border_radius__hover_enabled=\u00a0\u00bboff\u00a0\u00bb button_one_letter_spacing__hover_enabled=\u00a0\u00bbon\u00a0\u00bb button_one_letter_spacing__hover=\u00a0\u00bb3px\u00a0\u00bb button_two_letter_spacing__hover_enabled=\u00a0\u00bboff\u00a0\u00bb button_one_bg_color__hover_enabled=\u00a0\u00bbon\u00a0\u00bb button_one_bg_color__hover=\u00a0\u00bb#c99872&Prime; button_two_bg_color__hover_enabled=\u00a0\u00bboff\u00a0\u00bb][\/et_pb_fullwidth_header][\/et_pb_section][et_pb_section fb_built=\u00a0\u00bb1&Prime; admin_label=\u00a0\u00bbSezione Origini e Marchio\u00a0\u00bb _builder_version=\u00a0\u00bb4.16&Prime; custom_padding=\u00a0\u00bb20px|0px|100px|0px\u00a0\u00bb global_colors_info=\u00a0\u00bb{}\u00a0\u00bb][et_pb_row column_structure=\u00a0\u00bb1_2,1_2&Prime; admin_label=\u00a0\u00bbOrigines\u00a0\u00bb _builder_version=\u00a0\u00bb4.16&Prime; global_colors_info=\u00a0\u00bb{}\u00a0\u00bb][et_pb_column type=\u00a0\u00bb1_2&Prime; _builder_version=\u00a0\u00bb4.16&Prime; custom_padding=\u00a0\u00bb|||\u00a0\u00bb global_colors_info=\u00a0\u00bb{}\u00a0\u00bb custom_padding__hover=\u00a0\u00bb|||\u00a0\u00bb][et_pb_text disabled_on=\u00a0\u00bbon|off|off\u00a0\u00bb admin_label=\u00a0\u00bbTitolo tablet e computer\u00a0\u00bb _builder_version=\u00a0\u00bb4.16&Prime; text_font=\u00a0\u00bb||||||||\u00a0\u00bb header_font=\u00a0\u00bb||||||||\u00a0\u00bb header_text_align=\u00a0\u00bbcenter\u00a0\u00bb header_2_font=\u00a0\u00bbOswald|700||on|||||\u00a0\u00bb header_2_text_align=\u00a0\u00bbright\u00a0\u00bb header_2_text_color=\u00a0\u00bb#821717&Prime; header_2_font_size=\u00a0\u00bb48px\u00a0\u00bb header_2_letter_spacing=\u00a0\u00bb1px\u00a0\u00bb header_3_font=\u00a0\u00bb||||||||\u00a0\u00bb text_orientation=\u00a0\u00bbright\u00a0\u00bb max_width=\u00a0\u00bb600px\u00a0\u00bb module_alignment=\u00a0\u00bbcenter\u00a0\u00bb global_colors_info=\u00a0\u00bb{}\u00a0\u00bb]<\/p>\n<h2>Les origines<\/h2>\n<p>[\/et_pb_text][et_pb_text disabled_on=\u00a0\u00bboff|on|on\u00a0\u00bb admin_label=\u00a0\u00bbTitolo per smartphone\u00a0\u00bb _builder_version=\u00a0\u00bb4.16&Prime; text_font=\u00a0\u00bb||||||||\u00a0\u00bb header_font=\u00a0\u00bb||||||||\u00a0\u00bb header_text_align=\u00a0\u00bbcenter\u00a0\u00bb header_2_font=\u00a0\u00bbOswald|700||on|||||\u00a0\u00bb header_2_text_align=\u00a0\u00bbright\u00a0\u00bb header_2_text_color=\u00a0\u00bb#821717&Prime; header_2_font_size=\u00a0\u00bb48px\u00a0\u00bb header_2_letter_spacing=\u00a0\u00bb1px\u00a0\u00bb header_3_font=\u00a0\u00bb||||||||\u00a0\u00bb text_orientation=\u00a0\u00bbright\u00a0\u00bb max_width=\u00a0\u00bb600px\u00a0\u00bb module_alignment=\u00a0\u00bbcenter\u00a0\u00bb global_colors_info=\u00a0\u00bb{}\u00a0\u00bb]<\/p>\n<h2>Les origines<\/h2>\n<p>[\/et_pb_text][et_pb_gallery gallery_ids=\u00a0\u00bb776,401,720,721&Prime; fullwidth=\u00a0\u00bbon\u00a0\u00bb _builder_version=\u00a0\u00bb4.16&Prime; custom_padding=\u00a0\u00bb|||\u00a0\u00bb animation_style=\u00a0\u00bbfade\u00a0\u00bb animation_duration=\u00a0\u00bb500ms\u00a0\u00bb auto=\u00a0\u00bbon\u00a0\u00bb auto_speed=\u00a0\u00bb6000&Prime; global_colors_info=\u00a0\u00bb{}\u00a0\u00bb][\/et_pb_gallery][\/et_pb_column][et_pb_column type=\u00a0\u00bb1_2&Prime; _builder_version=\u00a0\u00bb4.16&Prime; custom_padding=\u00a0\u00bb|||\u00a0\u00bb global_colors_info=\u00a0\u00bb{}\u00a0\u00bb custom_padding__hover=\u00a0\u00bb|||\u00a0\u00bb][et_pb_text _builder_version=\u00a0\u00bb4.16&Prime; text_font=\u00a0\u00bb||||||||\u00a0\u00bb text_orientation=\u00a0\u00bbjustified\u00a0\u00bb global_colors_info=\u00a0\u00bb{}\u00a0\u00bb]<\/p>\n<p>L&rsquo;id\u00e9e est n\u00e9e vers 2009, gr\u00e2ce \u00e0 la rencontre entre le monde des Special Olympics et un groupe des jeunes volantaires, qui avait aid\u00e9 le mouvement de bi\u00e8res artisanale \u00e0 d\u00e9velopper dans la region de Parma. Ainsi que les Special Olympics mettent en \u00e9vidence les capacit\u00e9s des jeunes extraordinairement sp\u00e9ciaux dans le monde du sport, donc si l&rsquo;on pense que c&rsquo;\u00e9tait aussi possible de le faire dans le monde du travail. Rome Pattini, l&rsquo;un des pionniers du monde Special Olympics a Parme, nous a appris comment il y a des gens qui peuvent porter des briques pesant une tonne, il y a d&rsquo;autres qui ont la capacit\u00e9 de d\u00e9placer seulement un kg: Les deux ont le droit de contribuer \u00e0 la construction de la soci\u00e9t\u00e9.<\/p>\n<p>C&rsquo;etait, pour nous, le point de d\u00e9part.<\/p>\n<p>En 2014, notre passion et notre t\u00e9nacit\u00e9 nous ont permis de construire la coop\u00e9rative sociale et demarrer la production de bi\u00e8re bas\u00e9e sur nos recettes dans des brasseries amicales.<\/p>\n<p>Nous avons d\u00e9cid\u00e9 de nous \u00e9tablir en tant que coop\u00e9rative sociale de type B, forme qui refl\u00e8te mieux notre mission: L&rsquo;insertion dans le monde du travail des personnels avec invalidit\u00e9 physique ou mental.<br \/>Dans le monde des coop\u00e9ratives il n&rsquo;y a pas de \u00ab\u00a0propri\u00e9taires\u00a0\u00bb et \u00a0\u00bb employ\u00e9s\u00a0\u00bb mais des coop\u00e9rateurs qui partagent la m\u00eame mission, travaillent pour le bien commun. Exactement pour cette raison, les coop\u00e9ratives sont souvant solidaires les unes des autres, et trouvent des synergies et des collaborations qui sont utiles \u00e0 toute la communaut\u00e9.<\/p>\n<p>La participation aux foires et march\u00e9s a permis la cr\u00e9ation et le d\u00e9veloppement d&rsquo;un r\u00e9seau social collaboratif fondamental pour le d\u00e9marrage de notre projet.<br \/>Gr\u00e2ce \u00e0 la coop\u00e9rative LA BULA de PARME, nous avons contact\u00e9 deux jeunes sp\u00e9ciaux, qui nous ont suivi tout au long de notre chemain, nous aidant a verser de la bi\u00e8re et plus. Devant un verre servi par Andrea et Anselmo, des nombreuses amiti\u00e9s sont n\u00e9es ,spontan\u00e9ment, ils sont form\u00e9 le r\u00e9seau qui a soutenu notre projet.<br \/>Nous n&rsquo;\u00e9tions pas seuls, et beaucoup le savent, tout peut \u00eatre faire, juste le voir.<\/p>\n<p>C&rsquo;est n\u00e9, sur la base de la tradition agro-alimentaire de la r\u00e9gion de Parme et sur sa nature coop\u00e9rative, et avec la contribution de la fondation Cariparma &#8211; qui voulait nous r\u00e9compenser- le projet proprement dit: La cr\u00e9ation et la gestion de la brasserie sociale ARTICIOC.<\/p>\n<p>[\/et_pb_text][\/et_pb_column][\/et_pb_row][et_pb_row column_structure=\u00a0\u00bb1_2,1_2&Prime; admin_label=\u00a0\u00bbLa marque\u00a0\u00bb _builder_version=\u00a0\u00bb4.16&Prime; global_colors_info=\u00a0\u00bb{}\u00a0\u00bb][et_pb_column type=\u00a0\u00bb1_2&Prime; _builder_version=\u00a0\u00bb4.16&Prime; custom_padding=\u00a0\u00bb|||\u00a0\u00bb global_colors_info=\u00a0\u00bb{}\u00a0\u00bb custom_padding__hover=\u00a0\u00bb|||\u00a0\u00bb][et_pb_text disabled_on=\u00a0\u00bbon|off|off\u00a0\u00bb admin_label=\u00a0\u00bbTitolo tablet e computer\u00a0\u00bb _builder_version=\u00a0\u00bb4.16&Prime; text_font=\u00a0\u00bb||||||||\u00a0\u00bb header_font=\u00a0\u00bb||||||||\u00a0\u00bb header_text_align=\u00a0\u00bbright\u00a0\u00bb header_2_font=\u00a0\u00bbOswald|700||on|||||\u00a0\u00bb header_2_text_align=\u00a0\u00bbright\u00a0\u00bb header_2_text_color=\u00a0\u00bb#821717&Prime; header_2_font_size=\u00a0\u00bb48px\u00a0\u00bb header_2_letter_spacing=\u00a0\u00bb1px\u00a0\u00bb text_orientation=\u00a0\u00bbright\u00a0\u00bb max_width=\u00a0\u00bb600px\u00a0\u00bb module_alignment=\u00a0\u00bbcenter\u00a0\u00bb global_colors_info=\u00a0\u00bb{}\u00a0\u00bb]<\/p>\n<h2>La marque<\/h2>\n<p>[\/et_pb_text][et_pb_text disabled_on=\u00a0\u00bboff|on|on\u00a0\u00bb admin_label=\u00a0\u00bbTitolo smartphone\u00a0\u00bb _builder_version=\u00a0\u00bb4.16&Prime; text_font=\u00a0\u00bb||||||||\u00a0\u00bb header_font=\u00a0\u00bb||||||||\u00a0\u00bb header_text_align=\u00a0\u00bbcenter\u00a0\u00bb header_2_font=\u00a0\u00bbOswald|700||on|||||\u00a0\u00bb header_2_text_align=\u00a0\u00bbcenter\u00a0\u00bb header_2_text_color=\u00a0\u00bb#821717&Prime; header_2_font_size=\u00a0\u00bb48px\u00a0\u00bb header_2_letter_spacing=\u00a0\u00bb1px\u00a0\u00bb text_orientation=\u00a0\u00bbright\u00a0\u00bb max_width=\u00a0\u00bb600px\u00a0\u00bb module_alignment=\u00a0\u00bbcenter\u00a0\u00bb global_colors_info=\u00a0\u00bb{}\u00a0\u00bb]<\/p>\n<h2>La marque<\/h2>\n<p>[\/et_pb_text][et_pb_image src=\u00a0\u00bbhttps:\/\/birrificioarticioc.it\/wp-content\/uploads\/2019\/05\/articioc_carciofo_h220px.jpg\u00a0\u00bb align=\u00a0\u00bbright\u00a0\u00bb align_tablet=\u00a0\u00bbcenter\u00a0\u00bb align_phone=\u00a0\u00bbcenter\u00a0\u00bb align_last_edited=\u00a0\u00bbon|desktop\u00a0\u00bb _builder_version=\u00a0\u00bb4.16&Prime; global_colors_info=\u00a0\u00bb{}\u00a0\u00bb][\/et_pb_image][\/et_pb_column][et_pb_column type=\u00a0\u00bb1_2&Prime; _builder_version=\u00a0\u00bb4.16&Prime; custom_padding=\u00a0\u00bb|||\u00a0\u00bb global_colors_info=\u00a0\u00bb{}\u00a0\u00bb custom_padding__hover=\u00a0\u00bb|||\u00a0\u00bb][et_pb_text _builder_version=\u00a0\u00bb4.16&Prime; global_colors_info=\u00a0\u00bb{}\u00a0\u00bb]Articioc, en dialecte parmesan, signifies artichaut. Pour nous, l&rsquo;artichaut repr\u00e9sente la terre, les saveurs paysannes, la table simple et vrai. Tout comme les feuilles et les \u00e9pines permettent au coeur, la partie la plus noble de l&rsquo;artichaut, de grandir prot\u00e9g\u00e9, ainsi la coop\u00e9rative prot\u00e8ge et oriente les jeunes vers le monde du travail.<br \/>\nNotre LOGO repr\u00e9sente cet id\u00e9al \u00e0 son meilleur, \u00e9galement inspir\u00e9 par l&rsquo;un des ingr\u00e9dients fondamentaux de la bi\u00e8re, le houblon.<br \/>\nAvec les cartes graphiques, nous voulions immediatement transmettre ce qu&rsquo;est notre culture de la bi\u00e8re: Un boisson \u00e0 boire avec plaisir, capable de cr\u00e9er des environnements conviviaux et sociaux. Il faut donc penser et produire de bonnes bi\u00e8res pour tout le monde, qui \u00e9tonnent par leurs senteurs et qualit\u00e9.<br \/>\norganoleptique mais qui ne fatigue pas \u00e0 la premi\u00e8re gorg\u00e9e.<br \/>\nLea cartes et la sociabilit\u00e9 typique du bar et de la taverne correspondent parfaitement \u00e0 nos bi\u00e8res.[\/et_pb_text][\/et_pb_column][\/et_pb_row][\/et_pb_section][et_pb_section fb_built=\u00a0\u00bb1&Prime; admin_label=\u00a0\u00bbFooter\u00a0\u00bb _builder_version=\u00a0\u00bb3.22.3&Prime; background_color_gradient_direction=\u00a0\u00bb90deg\u00a0\u00bb parallax=\u00a0\u00bbon\u00a0\u00bb custom_padding=\u00a0\u00bb0px|0px|0px|0px\u00a0\u00bb global_module=\u00a0\u00bb368&Prime; saved_tabs=\u00a0\u00bball\u00a0\u00bb locked=\u00a0\u00bboff\u00a0\u00bb global_colors_info=\u00a0\u00bb{}\u00a0\u00bb][et_pb_row column_structure=\u00a0\u00bb1_2,1_2&Prime; use_custom_gutter=\u00a0\u00bbon\u00a0\u00bb gutter_width=\u00a0\u00bb1&Prime; make_equal=\u00a0\u00bbon\u00a0\u00bb background_color_gradient_type_2=\u00a0\u00bblinear\u00a0\u00bb admin_label=\u00a0\u00bbFooter Row\u00a0\u00bb module_class=\u00a0\u00bb et_pb_row_fullwidth\u00a0\u00bb _builder_version=\u00a0\u00bb4.16&Prime; background_image=\u00a0\u00bbhttps:\/\/birrificioarticioc.it\/wp-content\/uploads\/2019\/04\/46230007_tagliata.jpg\u00a0\u00bb parallax=\u00a0\u00bbon\u00a0\u00bb width=\u00a0\u00bb100%\u00a0\u00bb width_tablet=\u00a0\u00bb100%\u00a0\u00bb width_phone=\u00a0\u00bb\u00a0\u00bb width_last_edited=\u00a0\u00bbon|desktop\u00a0\u00bb max_width=\u00a0\u00bb100%\u00a0\u00bb max_width_tablet=\u00a0\u00bb100%\u00a0\u00bb max_width_phone=\u00a0\u00bb\u00a0\u00bb max_width_last_edited=\u00a0\u00bbon|desktop\u00a0\u00bb custom_margin=\u00a0\u00bb|||\u00a0\u00bb custom_padding=\u00a0\u00bb0px|0px|0px|0px\u00a0\u00bb animation_style=\u00a0\u00bbfade\u00a0\u00bb make_fullwidth=\u00a0\u00bbon\u00a0\u00bb global_colors_info=\u00a0\u00bb{}\u00a0\u00bb][et_pb_column type=\u00a0\u00bb1_2&Prime; _builder_version=\u00a0\u00bb4.16&Prime; background_color=\u00a0\u00bbrgba(0,0,0,0.6)\u00a0\u00bb custom_padding=\u00a0\u00bb100px|10%|100px|10%\u00a0\u00bb custom_padding_tablet=\u00a0\u00bb\u00a0\u00bb custom_padding_phone=\u00a0\u00bb\u00a0\u00bb custom_padding_last_edited=\u00a0\u00bbon|phone\u00a0\u00bb global_colors_info=\u00a0\u00bb{}\u00a0\u00bb custom_padding__hover=\u00a0\u00bb|||\u00a0\u00bb][et_pb_text admin_label=\u00a0\u00bbTittle\u00a0\u00bb _builder_version=\u00a0\u00bb4.16&Prime; text_font=\u00a0\u00bbOswald||||\u00a0\u00bb link_font=\u00a0\u00bb||||||||\u00a0\u00bb ul_font=\u00a0\u00bb||||||||\u00a0\u00bb ol_font=\u00a0\u00bb||||||||\u00a0\u00bb quote_font=\u00a0\u00bb||||||||\u00a0\u00bb header_font=\u00a0\u00bb||||||||\u00a0\u00bb header_2_font=\u00a0\u00bbOswald|||on|||||\u00a0\u00bb header_2_text_align=\u00a0\u00bbleft\u00a0\u00bb header_2_font_size=\u00a0\u00bb40px\u00a0\u00bb header_2_letter_spacing=\u00a0\u00bb2px\u00a0\u00bb header_2_line_height=\u00a0\u00bb1.5em\u00a0\u00bb background_layout=\u00a0\u00bbdark\u00a0\u00bb custom_margin=\u00a0\u00bb||4%|\u00a0\u00bb locked=\u00a0\u00bboff\u00a0\u00bb global_colors_info=\u00a0\u00bb{}\u00a0\u00bb]<\/p>\n<h2>Venez visiter!<\/h2>\n<p>[\/et_pb_text][et_pb_text admin_label=\u00a0\u00bbTexts\u00a0\u00bb _builder_version=\u00a0\u00bb4.16&Prime; text_font=\u00a0\u00bbNunito||||\u00a0\u00bb text_font_size=\u00a0\u00bb16px\u00a0\u00bb text_line_height=\u00a0\u00bb1.5em\u00a0\u00bb header_font=\u00a0\u00bbOswald|||on|\u00a0\u00bb header_text_color=\u00a0\u00bb#DCA57D\u00a0\u00bb header_font_size=\u00a0\u00bb16px\u00a0\u00bb header_letter_spacing=\u00a0\u00bb2px\u00a0\u00bb header_line_height=\u00a0\u00bb1.7em\u00a0\u00bb header_4_font=\u00a0\u00bbOswald|||on|||||\u00a0\u00bb header_4_text_color=\u00a0\u00bb#DCA57D\u00a0\u00bb header_4_font_size=\u00a0\u00bb16px\u00a0\u00bb header_4_letter_spacing=\u00a0\u00bb1px\u00a0\u00bb header_4_line_height=\u00a0\u00bb1.5em\u00a0\u00bb background_layout=\u00a0\u00bbdark\u00a0\u00bb custom_margin=\u00a0\u00bb||6%|\u00a0\u00bb locked=\u00a0\u00bboff\u00a0\u00bb global_colors_info=\u00a0\u00bb{}\u00a0\u00bb]<\/p>\n<h4>Jours de la semaines:<\/h4>\n<p>Bient\u00f4t ouverture au public<\/p>\n<p>[\/et_pb_text][et_pb_text admin_label=\u00a0\u00bbTexts\u00a0\u00bb _builder_version=\u00a0\u00bb4.16&Prime; text_font=\u00a0\u00bbNunito||||\u00a0\u00bb text_font_size=\u00a0\u00bb16px\u00a0\u00bb text_line_height=\u00a0\u00bb1.5em\u00a0\u00bb header_font=\u00a0\u00bbOswald|||on|\u00a0\u00bb header_text_color=\u00a0\u00bb#DCA57D\u00a0\u00bb header_font_size=\u00a0\u00bb16px\u00a0\u00bb header_letter_spacing=\u00a0\u00bb2px\u00a0\u00bb header_line_height=\u00a0\u00bb1.7em\u00a0\u00bb header_4_font=\u00a0\u00bbOswald|||on|||||\u00a0\u00bb header_4_text_color=\u00a0\u00bb#DCA57D\u00a0\u00bb header_4_font_size=\u00a0\u00bb16px\u00a0\u00bb header_4_letter_spacing=\u00a0\u00bb1px\u00a0\u00bb header_4_line_height=\u00a0\u00bb1.5em\u00a0\u00bb background_layout=\u00a0\u00bbdark\u00a0\u00bb custom_margin=\u00a0\u00bb||6%|\u00a0\u00bb locked=\u00a0\u00bboff\u00a0\u00bb global_colors_info=\u00a0\u00bb{}\u00a0\u00bb]<\/p>\n<h4>Samedi et Dimanche:<\/h4>\n<p>Bient\u00f4t ouverture au public<\/p>\n<p>[\/et_pb_text][et_pb_text admin_label=\u00a0\u00bbTitolo Seguici sui social\u00a0\u00bb _builder_version=\u00a0\u00bb4.16&Prime; text_font=\u00a0\u00bbNunito||||\u00a0\u00bb text_font_size=\u00a0\u00bb16px\u00a0\u00bb text_line_height=\u00a0\u00bb1.5em\u00a0\u00bb header_font=\u00a0\u00bbOswald|||on|\u00a0\u00bb header_text_color=\u00a0\u00bb#DCA57D\u00a0\u00bb header_font_size=\u00a0\u00bb16px\u00a0\u00bb header_letter_spacing=\u00a0\u00bb2px\u00a0\u00bb header_line_height=\u00a0\u00bb1.7em\u00a0\u00bb header_3_font=\u00a0\u00bbOswald|600|||||||\u00a0\u00bb header_3_text_color=\u00a0\u00bb#ffffff\u00a0\u00bb header_4_font=\u00a0\u00bbOswald|||on|||||\u00a0\u00bb header_4_text_color=\u00a0\u00bb#DCA57D\u00a0\u00bb header_4_font_size=\u00a0\u00bb16px\u00a0\u00bb header_4_letter_spacing=\u00a0\u00bb1px\u00a0\u00bb header_4_line_height=\u00a0\u00bb1.5em\u00a0\u00bb background_layout=\u00a0\u00bbdark\u00a0\u00bb custom_margin=\u00a0\u00bb||10px|\u00a0\u00bb custom_margin_last_edited=\u00a0\u00bboff|desktop\u00a0\u00bb custom_padding=\u00a0\u00bb||\u00a0\u00bb locked=\u00a0\u00bboff\u00a0\u00bb global_colors_info=\u00a0\u00bb{}\u00a0\u00bb]<\/p>\n<h3 style=\"padding-top:25px;\">SUIVEZ-NOUS SUR NOS R\u00c9SEAU SOCIAUX<\/h3>\n<p>[\/et_pb_text][et_pb_social_media_follow _builder_version=\u00a0\u00bb4.19.2&Prime; global_colors_info=\u00a0\u00bb{}\u00a0\u00bb][et_pb_social_media_follow_network social_network=\u00a0\u00bbfacebook\u00a0\u00bb url=\u00a0\u00bbhttps:\/\/www.facebook.com\/articioc.coop.soc\/\u00a0\u00bb _builder_version=\u00a0\u00bb4.16&Prime; background_color=\u00a0\u00bb#3b5998&Prime; global_colors_info=\u00a0\u00bb{}\u00a0\u00bb follow_button=\u00a0\u00bboff\u00a0\u00bb url_new_window=\u00a0\u00bbon\u00a0\u00bb]facebook[\/et_pb_social_media_follow_network][et_pb_social_media_follow_network social_network=\u00a0\u00bbinstagram\u00a0\u00bb url=\u00a0\u00bbhttps:\/\/www.instagram.com\/articioc.birrificio\/\u00a0\u00bb _builder_version=\u00a0\u00bb4.19.2&Prime; _module_preset=\u00a0\u00bbdefault\u00a0\u00bb background_color=\u00a0\u00bb#ea2c59&Prime; global_colors_info=\u00a0\u00bb{}\u00a0\u00bb follow_button=\u00a0\u00bboff\u00a0\u00bb url_new_window=\u00a0\u00bbon\u00a0\u00bb]instagram[\/et_pb_social_media_follow_network][\/et_pb_social_media_follow][\/et_pb_column][et_pb_column type=\u00a0\u00bb1_2&Prime; _builder_version=\u00a0\u00bb4.16&Prime; background_color=\u00a0\u00bbrgba(0,0,0,0.6)\u00a0\u00bb background_color_gradient_direction=\u00a0\u00bb240deg\u00a0\u00bb background_color_gradient_start=\u00a0\u00bb#000000&Prime; background_color_gradient_end=\u00a0\u00bbrgba(0,0,0,0.6)\u00a0\u00bb custom_padding=\u00a0\u00bb100px|10%|100px|10%\u00a0\u00bb global_colors_info=\u00a0\u00bb{}\u00a0\u00bb custom_padding__hover=\u00a0\u00bb|||\u00a0\u00bb][et_pb_text admin_label=\u00a0\u00bbTexts\u00a0\u00bb _builder_version=\u00a0\u00bb4.16&Prime; text_font=\u00a0\u00bbOswald||||\u00a0\u00bb link_font=\u00a0\u00bb||||||||\u00a0\u00bb ul_font=\u00a0\u00bb||||||||\u00a0\u00bb ol_font=\u00a0\u00bb||||||||\u00a0\u00bb quote_font=\u00a0\u00bb||||||||\u00a0\u00bb header_font=\u00a0\u00bb||||||||\u00a0\u00bb header_2_font=\u00a0\u00bbOswald|||on|||||\u00a0\u00bb header_2_text_align=\u00a0\u00bbleft\u00a0\u00bb header_2_font_size=\u00a0\u00bb40px\u00a0\u00bb header_2_letter_spacing=\u00a0\u00bb2px\u00a0\u00bb header_2_line_height=\u00a0\u00bb1.5em\u00a0\u00bb background_layout=\u00a0\u00bbdark\u00a0\u00bb custom_margin=\u00a0\u00bb||4%|\u00a0\u00bb custom_padding=\u00a0\u00bb|||\u00a0\u00bb locked=\u00a0\u00bboff\u00a0\u00bb global_colors_info=\u00a0\u00bb{}\u00a0\u00bb]<\/p>\n<h2>Contacts<\/h2>\n<p>[\/et_pb_text][et_pb_text admin_label=\u00a0\u00bbTexts\u00a0\u00bb _builder_version=\u00a0\u00bb4.16&Prime; text_font=\u00a0\u00bbNunito||||\u00a0\u00bb text_font_size=\u00a0\u00bb16px\u00a0\u00bb header_font=\u00a0\u00bbOswald|||on|\u00a0\u00bb header_text_color=\u00a0\u00bb#DCA57D\u00a0\u00bb header_font_size=\u00a0\u00bb16px\u00a0\u00bb header_letter_spacing=\u00a0\u00bb2px\u00a0\u00bb header_line_height=\u00a0\u00bb1.7em\u00a0\u00bb header_4_font=\u00a0\u00bbOswald|||on|||||\u00a0\u00bb header_4_text_color=\u00a0\u00bb#DCA57D\u00a0\u00bb header_4_font_size=\u00a0\u00bb16px\u00a0\u00bb header_4_letter_spacing=\u00a0\u00bb1px\u00a0\u00bb header_4_line_height=\u00a0\u00bb1.5em\u00a0\u00bb background_layout=\u00a0\u00bbdark\u00a0\u00bb custom_margin=\u00a0\u00bb||6%|\u00a0\u00bb locked=\u00a0\u00bboff\u00a0\u00bb global_colors_info=\u00a0\u00bb{}\u00a0\u00bb]<\/p>\n<h4>T\u00e9l\u00e9phone<\/h4>\n<p>+(39) 0521 628 301<\/p>\n<p>[\/et_pb_text][et_pb_text admin_label=\u00a0\u00bbTexts\u00a0\u00bb _builder_version=\u00a0\u00bb4.16&Prime; text_font=\u00a0\u00bbNunito||||\u00a0\u00bb text_font_size=\u00a0\u00bb16px\u00a0\u00bb header_font=\u00a0\u00bbOswald|||on|\u00a0\u00bb header_text_color=\u00a0\u00bb#DCA57D\u00a0\u00bb header_font_size=\u00a0\u00bb16px\u00a0\u00bb header_letter_spacing=\u00a0\u00bb2px\u00a0\u00bb header_line_height=\u00a0\u00bb1.7em\u00a0\u00bb header_4_font=\u00a0\u00bbOswald|||on|||||\u00a0\u00bb header_4_text_color=\u00a0\u00bb#DCA57D\u00a0\u00bb header_4_font_size=\u00a0\u00bb16px\u00a0\u00bb header_4_letter_spacing=\u00a0\u00bb1px\u00a0\u00bb header_4_line_height=\u00a0\u00bb1.5em\u00a0\u00bb background_layout=\u00a0\u00bbdark\u00a0\u00bb custom_margin=\u00a0\u00bb||6%|\u00a0\u00bb locked=\u00a0\u00bboff\u00a0\u00bb global_colors_info=\u00a0\u00bb{}\u00a0\u00bb]<\/p>\n<h4>E-Mail<\/h4>\n<p>info@birrificioarticioc.it<\/p>\n<p>[\/et_pb_text][et_pb_text admin_label=\u00a0\u00bbTexts\u00a0\u00bb _builder_version=\u00a0\u00bb4.16&Prime; text_font=\u00a0\u00bbNunito||||\u00a0\u00bb text_font_size=\u00a0\u00bb16px\u00a0\u00bb text_line_height=\u00a0\u00bb1.5em\u00a0\u00bb header_font=\u00a0\u00bbOswald|||on|\u00a0\u00bb header_text_color=\u00a0\u00bb#DCA57D\u00a0\u00bb header_font_size=\u00a0\u00bb16px\u00a0\u00bb header_letter_spacing=\u00a0\u00bb2px\u00a0\u00bb header_line_height=\u00a0\u00bb1.7em\u00a0\u00bb header_4_font=\u00a0\u00bbOswald|||on|||||\u00a0\u00bb header_4_text_color=\u00a0\u00bb#DCA57D\u00a0\u00bb header_4_font_size=\u00a0\u00bb16px\u00a0\u00bb header_4_letter_spacing=\u00a0\u00bb1px\u00a0\u00bb header_4_line_height=\u00a0\u00bb1.5em\u00a0\u00bb background_layout=\u00a0\u00bbdark\u00a0\u00bb custom_margin=\u00a0\u00bb||6%|\u00a0\u00bb locked=\u00a0\u00bboff\u00a0\u00bb global_colors_info=\u00a0\u00bb{}\u00a0\u00bb]<\/p>\n<h4>Adresse<\/h4>\n<p>Via Marconi, 6<br \/>43015 Noceto (PR)<\/p>\n<p>[\/et_pb_text][\/et_pb_column][\/et_pb_row][\/et_pb_section]<\/p>\n","protected":false},"excerpt":{"rendered":"<p>Les originesLes originesL&rsquo;id\u00e9e est n\u00e9e vers 2009, gr\u00e2ce \u00e0 la rencontre entre le monde des Special Olympics et un groupe des jeunes volantaires, qui avait aid\u00e9 le mouvement de bi\u00e8res artisanale \u00e0 d\u00e9velopper dans la region de Parma. Ainsi que les Special Olympics mettent en \u00e9vidence les capacit\u00e9s des jeunes extraordinairement sp\u00e9ciaux dans le monde [&hellip;]<\/p>\n","protected":false},"author":1,"featured_media":0,"parent":0,"menu_order":0,"comment_status":"closed","ping_status":"closed","template":"","meta":{"_et_pb_use_builder":"on","_et_pb_old_content":"","_et_gb_content_width":"","footnotes":""},"class_list":["post-1035","page","type-page","status-publish","hentry"],"_links":{"self":[{"href":"https:\/\/birrificioarticioc.it\/fr\/wp-json\/wp\/v2\/pages\/1035","targetHints":{"allow":["GET"]}}],"collection":[{"href":"https:\/\/birrificioarticioc.it\/fr\/wp-json\/wp\/v2\/pages"}],"about":[{"href":"https:\/\/birrificioarticioc.it\/fr\/wp-json\/wp\/v2\/types\/page"}],"author":[{"embeddable":true,"href":"https:\/\/birrificioarticioc.it\/fr\/wp-json\/wp\/v2\/users\/1"}],"replies":[{"embeddable":true,"href":"https:\/\/birrificioarticioc.it\/fr\/wp-json\/wp\/v2\/comments?post=1035"}],"version-history":[{"count":16,"href":"https:\/\/birrificioarticioc.it\/fr\/wp-json\/wp\/v2\/pages\/1035\/revisions"}],"predecessor-version":[{"id":1212,"href":"https:\/\/birrificioarticioc.it\/fr\/wp-json\/wp\/v2\/pages\/1035\/revisions\/1212"}],"wp:attachment":[{"href":"https:\/\/birrificioarticioc.it\/fr\/wp-json\/wp\/v2\/media?parent=1035"}],"curies":[{"name":"wp","href":"https:\/\/api.w.org\/{rel}","templated":true}]}}