{"id":1030,"date":"2019-12-16T09:47:44","date_gmt":"2019-12-16T08:47:44","guid":{"rendered":"https:\/\/birrificioarticioc.it\/affiliate\/"},"modified":"2019-12-16T09:47:44","modified_gmt":"2019-12-16T08:47:44","slug":"affiliate","status":"publish","type":"page","link":"https:\/\/birrificioarticioc.it\/en\/affiliate\/","title":{"rendered":"Affiliate"},"content":{"rendered":"\n\n\n<div id=\"wpv-view-layout-832\" class=\"js-wpv-view-layout js-wpv-layout-responsive js-wpv-view-layout-832\" data-viewnumber=\"832\" data-pagination=\"{&quot;id&quot;:832,&quot;query&quot;:&quot;normal&quot;,&quot;type&quot;:&quot;disabled&quot;,&quot;effect&quot;:&quot;fade&quot;,&quot;duration&quot;:500,&quot;speed&quot;:5,&quot;pause_on_hover&quot;:&quot;disabled&quot;,&quot;stop_rollover&quot;:&quot;false&quot;,&quot;cache_pages&quot;:&quot;enabled&quot;,&quot;preload_images&quot;:&quot;enabled&quot;,&quot;preload_pages&quot;:&quot;enabled&quot;,&quot;preload_reach&quot;:1,&quot;spinner&quot;:&quot;builtin&quot;,&quot;spinner_image&quot;:&quot;https:\/\/birrificioarticioc.it\/wp-content\/plugins\/wp-views\/embedded\/res\/img\/ajax-loader.gif&quot;,&quot;callback_next&quot;:&quot;&quot;,&quot;manage_history&quot;:&quot;enabled&quot;,&quot;has_controls_in_form&quot;:&quot;disabled&quot;,&quot;infinite_tolerance&quot;:&quot;0&quot;,&quot;max_pages&quot;:0,&quot;page&quot;:1,&quot;base_permalink&quot;:&quot;\/en\/wp-json\/wp\/v2\/pages\/1030?wpv_view_count=832&amp;wpv_paged=WPV_PAGE_NUM&quot;,&quot;loop&quot;:{&quot;type&quot;:&quot;&quot;,&quot;name&quot;:&quot;&quot;,&quot;data&quot;:[],&quot;id&quot;:0}}\" data-permalink=\"\/en\/wp-json\/wp\/v2\/pages\/1030?wpv_view_count=832\">\n\n    <div id=\"js-wpv-addon-maps-render-map-affiliati\" style=\"width:100%; height:250px;\" class=\"wpv-addon-maps-render js-wpv-addon-maps-render js-wpv-addon-maps-render-map-affiliati \" data-map=\"map-affiliati\" data-generalzoom=\"5\" data-generalcenterlat=\"0\" data-generalcenterlon=\"0\" data-fitbounds=\"on\" data-singlezoom=\"14\" data-singlecenter=\"on\" data-osmlayer=\"standard\" data-maptype=\"roadmap\" data-showlayerinterests=\"false\" data-markericon=\"\" data-markericonhover=\"\" data-draggable=\"on\" data-scrollwheel=\"on\" data-doubleclickzoom=\"on\" data-maptypecontrol=\"on\" data-fullscreencontrol=\"on\" data-zoomcontrol=\"on\" data-streetviewcontrol=\"on\" data-backgroundcolor=\"\" data-cluster=\"off\" data-clustergridsize=\"60\" data-clustermaxzoom=\"\" data-clusterclickzoom=\"on\" data-clusterminsize=\"2\" data-stylejson=\"\/\/birrificioarticioc.it\/wp-content\/plugins\/toolset-maps\/resources\/json\/Standard.json\" data-spiderfy=\"off\" data-streetview=\"off\" data-markerid=\"\" data-location=\"\" data-lat=\"0\" data-long=\"0\" data-heading=\"\" data-pitch=\"\"><\/div>\n\t\n\t\n\t<div class=\"container wpv-loop js-wpv-loop\">\n\t\n      <div style=\"display:none\" class=\"wpv-addon-maps-marker js-wpv-addon-maps-marker js-wpv-addon-maps-marker-821 js-wpv-addon-maps-markerfor-map-affiliati\" data-marker=\"821\" data-markertitle=\"Trattoria Valerio\" data-markerfor=\"map-affiliati\" data-markerlat=\"44.499751\" data-markerlon=\"11.341745\" data-markericon=\"\" data-markericonhover=\"\" data-streetview=\"no\" data-fromview=\"\"><h6><a href=\"https:\/\/birrificioarticioc.it\/en\/affiliato\/trattoria-valerio\/\">Trattoria Valerio<\/a><\/h6>\n<p>Via Avesella, 10<br\/>\n40121 Bologna (BO)<\/p>\n      <\/div>\n\t\t\n\t\t<div class=\"row \">\n\t\t\t<div class=\"col-md-4\"><a href=\"https:\/\/birrificioarticioc.it\/en\/affiliato\/trattoria-valerio\/\"><img loading=\"lazy\" decoding=\"async\" width=\"160\" height=\"160\" src=\"https:\/\/birrificioarticioc.it\/wp-content\/uploads\/2019\/12\/trattoria-valerio-gramigna-160x160.jpg\" class=\"attachment-thumbnail size-thumbnail wp-post-image\" alt=\"\" \/><\/a><br\/>\n<p class=\"ragsociale\"><a href=\"https:\/\/birrificioarticioc.it\/en\/affiliato\/trattoria-valerio\/\">Trattoria Valerio<\/a><\/p>\n<p class=\"address\">Via Avesella, 10<br\/>\n40121 Bologna (BO)<\/p>\n<p class=\"excerpt\"&#093;>Tagliatelle e tortellini casarecci tra pareti rivestite di legno e foto d&#8217;epoca in piccolo locale familiare.<br\/>&nbsp;<br\/><\/p><\/div>\n\t\t\n      <div style=\"display:none\" class=\"wpv-addon-maps-marker js-wpv-addon-maps-marker js-wpv-addon-maps-marker-819 js-wpv-addon-maps-markerfor-map-affiliati\" data-marker=\"819\" data-markertitle=\"Osteria dell&#8217;orsa\" data-markerfor=\"map-affiliati\" data-markerlat=\"44.496909\" data-markerlon=\"11.347335\" data-markericon=\"\" data-markericonhover=\"\" data-streetview=\"no\" data-fromview=\"\"><h6><a href=\"https:\/\/birrificioarticioc.it\/en\/affiliato\/osteria-dellorso\/\">Osteria dell&#8217;orsa<\/a><\/h6>\n<p>Via Mentana, 1<br\/>\n40126 Bologna (BO)<\/p>\n      <\/div>\n\t\t\n\t\t\t<div class=\"col-md-4\"><a href=\"https:\/\/birrificioarticioc.it\/en\/affiliato\/osteria-dellorso\/\"><img loading=\"lazy\" decoding=\"async\" width=\"160\" height=\"160\" src=\"https:\/\/birrificioarticioc.it\/wp-content\/uploads\/2019\/12\/OsteriaDellorsa-160x160.png\" class=\"attachment-thumbnail size-thumbnail wp-post-image\" alt=\"\" \/><\/a><br\/>\n<p class=\"ragsociale\"><a href=\"https:\/\/birrificioarticioc.it\/en\/affiliato\/osteria-dellorso\/\">Osteria dell&#8217;orsa<\/a><\/p>\n<p class=\"address\">Via Mentana, 1<br\/>\n40126 Bologna (BO)<\/p>\n<p class=\"excerpt\"&#093;>Tagliatelle e tortellini in un locale dall&#8217;atmosfera vivace con panche di legno e tovagliette all&#8217;americana.<br\/>&nbsp;<br\/><\/p><\/div>\n\t\t\n      <div style=\"display:none\" class=\"wpv-addon-maps-marker js-wpv-addon-maps-marker js-wpv-addon-maps-marker-823 js-wpv-addon-maps-markerfor-map-affiliati\" data-marker=\"823\" data-markertitle=\"Harvest Pub\" data-markerfor=\"map-affiliati\" data-markerlat=\"44.500428\" data-markerlon=\"11.322285\" data-markericon=\"\" data-markericonhover=\"\" data-streetview=\"no\" data-fromview=\"\"><h6><a href=\"https:\/\/birrificioarticioc.it\/en\/affiliato\/harvest-pub\/\">Harvest Pub<\/a><\/h6>\n<p>Via Montello, 4<br\/>\n40100 Bologna (BO)<\/p>\n      <\/div>\n\t\t\n\t\t\t<div class=\"col-md-4\"><a href=\"https:\/\/birrificioarticioc.it\/en\/affiliato\/harvest-pub\/\"><img loading=\"lazy\" decoding=\"async\" width=\"160\" height=\"160\" src=\"https:\/\/birrificioarticioc.it\/wp-content\/uploads\/2019\/12\/harvest-pub-640x477-1-160x160.jpg\" class=\"attachment-thumbnail size-thumbnail wp-post-image\" alt=\"\" \/><\/a><br\/>\n<p class=\"ragsociale\"><a href=\"https:\/\/birrificioarticioc.it\/en\/affiliato\/harvest-pub\/\">Harvest Pub<\/a><\/p>\n<p class=\"address\">Via Montello, 4<br\/>\n40100 Bologna (BO)<\/p>\n<p class=\"excerpt\"&#093;>I tavoli sono pochi e l\u2019arredamento \u00e8 un po\u2019 demod\u00e9 ma ci sono tante buone spine e qualche bottiglia.<br\/>&nbsp;<br\/><\/p><\/div>\n\t\t<\/div>\n\t\t\n      <div style=\"display:none\" class=\"wpv-addon-maps-marker js-wpv-addon-maps-marker js-wpv-addon-maps-marker-824 js-wpv-addon-maps-markerfor-map-affiliati\" data-marker=\"824\" data-markertitle=\"Beershop il Pretesto\" data-markerfor=\"map-affiliati\" data-markerlat=\"44.498579\" data-markerlon=\"11.335089\" data-markericon=\"\" data-markericonhover=\"\" data-streetview=\"no\" data-fromview=\"\"><h6><a href=\"https:\/\/birrificioarticioc.it\/en\/affiliato\/beershop-il-pretesto\/\">Beershop il Pretesto<\/a><\/h6>\n<p>Via Riva Reno, 60\/d<br\/>\n40121 Bologna (BO)<\/p>\n      <\/div>\n\t\t\n\t\t<div class=\"row \">\n\t\t\t<div class=\"col-md-4\"><a href=\"https:\/\/birrificioarticioc.it\/en\/affiliato\/beershop-il-pretesto\/\"><img loading=\"lazy\" decoding=\"async\" width=\"160\" height=\"160\" src=\"https:\/\/birrificioarticioc.it\/wp-content\/uploads\/2019\/12\/Schermata-2019-12-16-alle-09.36.08-160x160.png\" class=\"attachment-thumbnail size-thumbnail wp-post-image\" alt=\"\" \/><\/a><br\/>\n<p class=\"ragsociale\"><a href=\"https:\/\/birrificioarticioc.it\/en\/affiliato\/beershop-il-pretesto\/\">Beershop il Pretesto<\/a><\/p>\n<p class=\"address\">Via Riva Reno, 60\/d<br\/>\n40121 Bologna (BO)<\/p>\n<p class=\"excerpt\"&#093;>Una vastit\u00e0 di birre artigianali in bottiglia e in lattina, dalle pi\u00f9 classiche alle pi\u00f9 ricercate.<br\/>&nbsp;<br\/><\/p><\/div>\n\t\t\n\t\t\t<div class=\"col-md-4\"><\/div>\n\t\t\n\t\t\t<div class=\"col-md-4\"><\/div>\n\t\t<\/div>\n\t\n\t<\/div>\n\t\n\t\n\t\n<\/div>\n\n","protected":false},"excerpt":{"rendered":"","protected":false},"author":1,"featured_media":0,"parent":0,"menu_order":0,"comment_status":"closed","ping_status":"closed","template":"","meta":{"_et_pb_use_builder":"","_et_pb_old_content":"","_et_gb_content_width":"","footnotes":""},"class_list":["post-1030","page","type-page","status-publish","hentry"],"_links":{"self":[{"href":"https:\/\/birrificioarticioc.it\/en\/wp-json\/wp\/v2\/pages\/1030","targetHints":{"allow":["GET"]}}],"collection":[{"href":"https:\/\/birrificioarticioc.it\/en\/wp-json\/wp\/v2\/pages"}],"about":[{"href":"https:\/\/birrificioarticioc.it\/en\/wp-json\/wp\/v2\/types\/page"}],"author":[{"embeddable":true,"href":"https:\/\/birrificioarticioc.it\/en\/wp-json\/wp\/v2\/users\/1"}],"replies":[{"embeddable":true,"href":"https:\/\/birrificioarticioc.it\/en\/wp-json\/wp\/v2\/comments?post=1030"}],"version-history":[{"count":0,"href":"https:\/\/birrificioarticioc.it\/en\/wp-json\/wp\/v2\/pages\/1030\/revisions"}],"wp:attachment":[{"href":"https:\/\/birrificioarticioc.it\/en\/wp-json\/wp\/v2\/media?parent=1030"}],"curies":[{"name":"wp","href":"https:\/\/api.w.org\/{rel}","templated":true}]}}